{"id":19460,"date":"2022-02-08T17:02:34","date_gmt":"2022-02-08T16:02:34","guid":{"rendered":"https:\/\/bookify24.com\/?page_id=19460"},"modified":"2023-08-01T18:27:07","modified_gmt":"2023-08-01T16:27:07","slug":"kreditkartenvergleich","status":"publish","type":"page","link":"https:\/\/bookify24.com\/es\/kreditkartenvergleich\/","title":{"rendered":"Kreditkartenvergleich"},"content":{"rendered":"<p class=\"qtranxs-available-languages-message qtranxs-available-languages-message-es\">Disculpa, pero esta entrada est\u00e1 disponible s\u00f3lo en <a href=\"https:\/\/bookify24.com\/de\/wp-json\/wp\/v2\/pages\/19460\" class=\"qtranxs-available-language-link qtranxs-available-language-link-de\" title=\"Deutsch\">Deutsch<\/a>.<\/p>","protected":false},"excerpt":{"rendered":"<p>Disculpa, pero esta entrada est\u00e1 disponible s\u00f3lo en Deutsch.<\/p>\n","protected":false},"author":1,"featured_media":22281,"parent":0,"menu_order":0,"comment_status":"closed","ping_status":"closed","template":"template-blank.php","meta":{"footnotes":""},"class_list":["post-19460","page","type-page","status-publish","has-post-thumbnail","hentry"],"yoast_head":"<!-- This site is optimized with the Yoast SEO plugin v27.4 - https:\/\/yoast.com\/product\/yoast-seo-wordpress\/ -->\n<title>Kostenlose Reisekreditkarte - Vergleich der gr\u00f6\u00dften Anbieter<\/title>\n<meta name=\"description\" content=\"Die perfekte kostenlose Reisekreditkarte f\u00fcr den Urlaub mit einem Kreditkartenvergleich finden. Alle bekannten Anbieter auf einer Seite.\" \/>\n<meta name=\"robots\" content=\"index, follow, max-snippet:-1, max-image-preview:large, max-video-preview:-1\" \/>\n<link rel=\"canonical\" href=\"https:\/\/bookify24.com\/es\/kreditkartenvergleich\/\" \/>\n<meta property=\"og:locale\" content=\"es_ES\" \/>\n<meta property=\"og:type\" content=\"article\" \/>\n<meta property=\"og:title\" content=\"Kostenlose Reisekreditkarte - Vergleich der gr\u00f6\u00dften Anbieter\" \/>\n<meta property=\"og:description\" content=\"Die perfekte kostenlose Reisekreditkarte f\u00fcr den Urlaub mit einem Kreditkartenvergleich finden. Alle bekannten Anbieter auf einer Seite.\" \/>\n<meta property=\"og:url\" content=\"https:\/\/bookify24.com\/es\/kreditkartenvergleich\/\" \/>\n<meta property=\"og:site_name\" content=\"Bookify24\" \/>\n<meta property=\"article:modified_time\" content=\"2023-08-01T16:27:07+00:00\" \/>\n<meta property=\"og:image\" content=\"https:\/\/bookify24.com\/wp-content\/uploads\/2023\/06\/kostenlose-kreditkarten-im-vergleich-e1564673760717.jpg\" \/>\n\t<meta property=\"og:image:width\" content=\"749\" \/>\n\t<meta property=\"og:image:height\" content=\"319\" \/>\n\t<meta property=\"og:image:type\" content=\"image\/jpeg\" \/>\n<meta name=\"twitter:card\" content=\"summary_large_image\" \/>\n<meta name=\"twitter:label1\" content=\"Tiempo de lectura\" \/>\n\t<meta name=\"twitter:data1\" content=\"3 minutos\" \/>\n<script type=\"application\/ld+json\" class=\"yoast-schema-graph\">{\"@context\":\"https:\\\/\\\/schema.org\",\"@graph\":[{\"@type\":\"WebPage\",\"@id\":\"https:\\\/\\\/bookify24.com\\\/es\\\/kreditkartenvergleich\\\/\",\"url\":\"https:\\\/\\\/bookify24.com\\\/es\\\/kreditkartenvergleich\\\/\",\"name\":\"Kostenlose Reisekreditkarte - Vergleich der gr\u00f6\u00dften Anbieter\",\"isPartOf\":{\"@id\":\"https:\\\/\\\/bookify24.com\\\/es\\\/#website\"},\"primaryImageOfPage\":{\"@id\":\"https:\\\/\\\/bookify24.com\\\/es\\\/kreditkartenvergleich\\\/#primaryimage\"},\"image\":{\"@id\":\"https:\\\/\\\/bookify24.com\\\/kreditkartenvergleich\\\/#primaryimage\"},\"thumbnailUrl\":\"https:\\\/\\\/bookify24.com\\\/wp-content\\\/uploads\\\/2023\\\/06\\\/kostenlose-kreditkarten-im-vergleich-e1564673760717.jpg\",\"datePublished\":\"2022-02-08T16:02:34+00:00\",\"dateModified\":\"2023-08-01T16:27:07+00:00\",\"description\":\"Die perfekte kostenlose Reisekreditkarte f\u00fcr den Urlaub mit einem Kreditkartenvergleich finden. Alle bekannten Anbieter auf einer Seite.\",\"breadcrumb\":{\"@id\":\"https:\\\/\\\/bookify24.com\\\/es\\\/kreditkartenvergleich\\\/#breadcrumb\"},\"inLanguage\":\"es\",\"potentialAction\":[{\"@type\":\"ReadAction\",\"target\":[[\"https:\\\/\\\/bookify24.com\\\/es\\\/kreditkartenvergleich\\\/\"]]}]},{\"@type\":\"ImageObject\",\"inLanguage\":\"es\",\"@id\":\"https:\\\/\\\/bookify24.com\\\/es\\\/kreditkartenvergleich\\\/#primaryimage\",\"url\":\"https:\\\/\\\/bookify24.com\\\/wp-content\\\/uploads\\\/2023\\\/06\\\/kostenlose-kreditkarten-im-vergleich-e1564673760717.jpg\",\"contentUrl\":\"https:\\\/\\\/bookify24.com\\\/wp-content\\\/uploads\\\/2023\\\/06\\\/kostenlose-kreditkarten-im-vergleich-e1564673760717.jpg\",\"width\":749,\"height\":319,\"caption\":\"kostenlose Reisekreditkarte\"},{\"@type\":\"BreadcrumbList\",\"@id\":\"https:\\\/\\\/bookify24.com\\\/es\\\/kreditkartenvergleich\\\/#breadcrumb\",\"itemListElement\":[{\"@type\":\"ListItem\",\"position\":1,\"name\":\"Home\",\"item\":\"https:\\\/\\\/bookify24.com\\\/es\\\/\"},{\"@type\":\"ListItem\",\"position\":2,\"name\":\"Kreditkartenvergleich\"}]},{\"@type\":\"WebSite\",\"@id\":\"https:\\\/\\\/bookify24.com\\\/es\\\/#website\",\"url\":\"https:\\\/\\\/bookify24.com\\\/es\\\/\",\"name\":\"Bookify24\",\"description\":\"Compara vuelos, hoteles, autos de alquiler y m\u00e1s\",\"publisher\":{\"@id\":\"https:\\\/\\\/bookify24.com\\\/es\\\/#organization\"},\"potentialAction\":[{\"@type\":\"SearchAction\",\"target\":{\"@type\":\"EntryPoint\",\"urlTemplate\":\"https:\\\/\\\/bookify24.com\\\/es\\\/?s={search_term_string}\"},\"query-input\":{\"@type\":\"PropertyValueSpecification\",\"valueRequired\":true,\"valueName\":\"search_term_string\"}}],\"inLanguage\":\"es\"},{\"@type\":\"Organization\",\"@id\":\"https:\\\/\\\/bookify24.com\\\/es\\\/#organization\",\"name\":\"Bookify24\",\"url\":\"https:\\\/\\\/bookify24.com\\\/es\\\/\",\"logo\":{\"@type\":\"ImageObject\",\"inLanguage\":\"es\",\"@id\":\"https:\\\/\\\/bookify24.com\\\/es\\\/#\\\/schema\\\/logo\\\/image\\\/\",\"url\":\"https:\\\/\\\/bookify24.com\\\/wp-content\\\/uploads\\\/2018\\\/10\\\/Bookify_Logo-Kopie-1.png\",\"contentUrl\":\"https:\\\/\\\/bookify24.com\\\/wp-content\\\/uploads\\\/2018\\\/10\\\/Bookify_Logo-Kopie-1.png\",\"width\":168,\"height\":44,\"caption\":\"Bookify24\"},\"image\":{\"@id\":\"https:\\\/\\\/bookify24.com\\\/es\\\/#\\\/schema\\\/logo\\\/image\\\/\"}}]}<\/script>\n<!-- \/ Yoast SEO plugin. -->","yoast_head_json":{"title":"Kostenlose Reisekreditkarte - Vergleich der gr\u00f6\u00dften Anbieter","description":"Die perfekte kostenlose Reisekreditkarte f\u00fcr den Urlaub mit einem Kreditkartenvergleich finden. Alle bekannten Anbieter auf einer Seite.","robots":{"index":"index","follow":"follow","max-snippet":"max-snippet:-1","max-image-preview":"max-image-preview:large","max-video-preview":"max-video-preview:-1"},"canonical":"https:\/\/bookify24.com\/es\/kreditkartenvergleich\/","og_locale":"es_ES","og_type":"article","og_title":"Kostenlose Reisekreditkarte - Vergleich der gr\u00f6\u00dften Anbieter","og_description":"Die perfekte kostenlose Reisekreditkarte f\u00fcr den Urlaub mit einem Kreditkartenvergleich finden. Alle bekannten Anbieter auf einer Seite.","og_url":"https:\/\/bookify24.com\/es\/kreditkartenvergleich\/","og_site_name":"Bookify24","article_modified_time":"2023-08-01T16:27:07+00:00","og_image":[{"width":749,"height":319,"url":"https:\/\/bookify24.com\/wp-content\/uploads\/2023\/06\/kostenlose-kreditkarten-im-vergleich-e1564673760717.jpg","type":"image\/jpeg"}],"twitter_card":"summary_large_image","twitter_misc":{"Tiempo de lectura":"3 minutos"},"schema":{"@context":"https:\/\/schema.org","@graph":[{"@type":"WebPage","@id":"https:\/\/bookify24.com\/es\/kreditkartenvergleich\/","url":"https:\/\/bookify24.com\/es\/kreditkartenvergleich\/","name":"Kostenlose Reisekreditkarte - Vergleich der gr\u00f6\u00dften Anbieter","isPartOf":{"@id":"https:\/\/bookify24.com\/es\/#website"},"primaryImageOfPage":{"@id":"https:\/\/bookify24.com\/es\/kreditkartenvergleich\/#primaryimage"},"image":{"@id":"https:\/\/bookify24.com\/kreditkartenvergleich\/#primaryimage"},"thumbnailUrl":"https:\/\/bookify24.com\/wp-content\/uploads\/2023\/06\/kostenlose-kreditkarten-im-vergleich-e1564673760717.jpg","datePublished":"2022-02-08T16:02:34+00:00","dateModified":"2023-08-01T16:27:07+00:00","description":"Die perfekte kostenlose Reisekreditkarte f\u00fcr den Urlaub mit einem Kreditkartenvergleich finden. Alle bekannten Anbieter auf einer Seite.","breadcrumb":{"@id":"https:\/\/bookify24.com\/es\/kreditkartenvergleich\/#breadcrumb"},"inLanguage":"es","potentialAction":[{"@type":"ReadAction","target":[["https:\/\/bookify24.com\/es\/kreditkartenvergleich\/"]]}]},{"@type":"ImageObject","inLanguage":"es","@id":"https:\/\/bookify24.com\/es\/kreditkartenvergleich\/#primaryimage","url":"https:\/\/bookify24.com\/wp-content\/uploads\/2023\/06\/kostenlose-kreditkarten-im-vergleich-e1564673760717.jpg","contentUrl":"https:\/\/bookify24.com\/wp-content\/uploads\/2023\/06\/kostenlose-kreditkarten-im-vergleich-e1564673760717.jpg","width":749,"height":319,"caption":"kostenlose Reisekreditkarte"},{"@type":"BreadcrumbList","@id":"https:\/\/bookify24.com\/es\/kreditkartenvergleich\/#breadcrumb","itemListElement":[{"@type":"ListItem","position":1,"name":"Home","item":"https:\/\/bookify24.com\/es\/"},{"@type":"ListItem","position":2,"name":"Kreditkartenvergleich"}]},{"@type":"WebSite","@id":"https:\/\/bookify24.com\/es\/#website","url":"https:\/\/bookify24.com\/es\/","name":"Bookify24","description":"Compara vuelos, hoteles, autos de alquiler y m\u00e1s","publisher":{"@id":"https:\/\/bookify24.com\/es\/#organization"},"potentialAction":[{"@type":"SearchAction","target":{"@type":"EntryPoint","urlTemplate":"https:\/\/bookify24.com\/es\/?s={search_term_string}"},"query-input":{"@type":"PropertyValueSpecification","valueRequired":true,"valueName":"search_term_string"}}],"inLanguage":"es"},{"@type":"Organization","@id":"https:\/\/bookify24.com\/es\/#organization","name":"Bookify24","url":"https:\/\/bookify24.com\/es\/","logo":{"@type":"ImageObject","inLanguage":"es","@id":"https:\/\/bookify24.com\/es\/#\/schema\/logo\/image\/","url":"https:\/\/bookify24.com\/wp-content\/uploads\/2018\/10\/Bookify_Logo-Kopie-1.png","contentUrl":"https:\/\/bookify24.com\/wp-content\/uploads\/2018\/10\/Bookify_Logo-Kopie-1.png","width":168,"height":44,"caption":"Bookify24"},"image":{"@id":"https:\/\/bookify24.com\/es\/#\/schema\/logo\/image\/"}}]}},"_links":{"self":[{"href":"https:\/\/bookify24.com\/es\/wp-json\/wp\/v2\/pages\/19460","targetHints":{"allow":["GET"]}}],"collection":[{"href":"https:\/\/bookify24.com\/es\/wp-json\/wp\/v2\/pages"}],"about":[{"href":"https:\/\/bookify24.com\/es\/wp-json\/wp\/v2\/types\/page"}],"author":[{"embeddable":true,"href":"https:\/\/bookify24.com\/es\/wp-json\/wp\/v2\/users\/1"}],"replies":[{"embeddable":true,"href":"https:\/\/bookify24.com\/es\/wp-json\/wp\/v2\/comments?post=19460"}],"version-history":[{"count":0,"href":"https:\/\/bookify24.com\/es\/wp-json\/wp\/v2\/pages\/19460\/revisions"}],"wp:featuredmedia":[{"embeddable":true,"href":"https:\/\/bookify24.com\/es\/wp-json\/wp\/v2\/media\/22281"}],"wp:attachment":[{"href":"https:\/\/bookify24.com\/es\/wp-json\/wp\/v2\/media?parent=19460"}],"curies":[{"name":"wp","href":"https:\/\/api.w.org\/{rel}","templated":true}]}}