{"id":21489,"date":"2023-06-13T19:40:48","date_gmt":"2023-06-13T17:40:48","guid":{"rendered":"https:\/\/bookify24.com\/?page_id=21489"},"modified":"2026-02-07T16:21:27","modified_gmt":"2026-02-07T14:21:27","slug":"impressum","status":"publish","type":"page","link":"https:\/\/bookify24.com\/es\/impressum\/","title":{"rendered":"Impressum"},"content":{"rendered":"\t\t<div data-elementor-type=\"wp-page\" data-elementor-id=\"21489\" class=\"elementor elementor-21489\">\n\t\t\t\t\t\t<section class=\"elementor-section elementor-top-section elementor-element elementor-element-5f8a04b elementor-section-boxed elementor-section-height-default elementor-section-height-default\" data-id=\"5f8a04b\" data-element_type=\"section\" data-e-type=\"section\">\n\t\t\t\t\t\t<div class=\"elementor-container elementor-column-gap-default\">\n\t\t\t\t\t<div class=\"elementor-column elementor-col-100 elementor-top-column elementor-element elementor-element-0774b27\" data-id=\"0774b27\" data-element_type=\"column\" data-e-type=\"column\">\n\t\t\t<div class=\"elementor-widget-wrap elementor-element-populated\">\n\t\t\t\t\t\t<div class=\"elementor-element elementor-element-8871c7a elementor-widget elementor-widget-text-editor\" data-id=\"8871c7a\" data-element_type=\"widget\" data-e-type=\"widget\" data-widget_type=\"text-editor.default\">\n\t\t\t\t<div class=\"elementor-widget-container\">\n\t\t\t\t\t\t\t\t\t<h3><strong>Seitenbetreiber<br \/><\/strong><\/h3><p>Das Reise- und Preisvergleichsportal <strong>Bookify24.com<\/strong> ist ein Projekt von Michael Heinze.<\/p><p>Michael Heinze<\/p><p>-Bookify24.com-<\/p><p>Tinsdaler Weg 23a<br \/>22880 Wedel<\/p><p>Germany<\/p><p>Telefon: +49 (0)4103-9031027 <strong>(keine Auskunft zu Angeboten!)<\/strong><\/p><p><strong>E-Mail: info@bookify24.com<\/strong><\/p><p>Internet: <a href=\"https:\/\/bookify24.com\" target=\"_blank\" rel=\"noopener noreferrer\">bookify24.com<\/a><\/p><h4>\u00a0<\/h4><h4>Inhaltlich Verantwortlicher gema\u0308\u00df \u00a7 55 Abs. 2 RStV:<\/h4><p>Dipl.-Ing.(FH) Michael Heinze (Anschrift wie oben)<\/p><h4>\u00a0<\/h4><h4>Disclaimer<\/h4><p>Haftung f\u00fcr Inhalte<br \/>Als Diensteanbieter sind wir gem\u00e4\u00df \u00a7 7 Abs.1 TMG f\u00fcr eigene Inhalte auf diesen Seiten nach den allgemeinen Gesetzen verantwortlich. Nach \u00a7\u00a7 8 bis 10 TMG sind wir als Diensteanbieter jedoch nicht verpflichtet, \u00fcbermittelte oder gespeicherte fremde Informationen zu \u00fcberwachen oder nach Umst\u00e4nden zu forschen, die auf eine rechtswidrige T\u00e4tigkeit hinweisen. Verpflichtungen zur Entfernung oder Sperrung der Nutzung von Informationen nach den allgemeinen Gesetzen bleiben hiervon unber\u00fchrt. Eine diesbez\u00fcgliche Haftung ist jedoch erst ab dem Zeitpunkt der Kenntnis einer konkreten Rechtsverletzung m\u00f6glich. Bei Bekanntwerden von entsprechenden Rechtsverletzungen werden wir diese Inhalte umgehend entfernen.<\/p><h4>Haftung f\u00fcr Links<\/h4><p>Diese Website enth\u00e4lt Verkn\u00fcpfungen zu Websites Dritter (\u201cexterne Links\u201d). Diese Websites unterliegen der Haftung der jeweiligen Betreiber. Insbesondere sind wir nicht verantwortlich und haften auch nicht f\u00fcr den Inhalt solcher Websites, die durch Verlinkung erreicht werden. Das Setzen von externen Links bedeutet nicht, dass wir die hinter dem Verweis oder Link liegenden Inhalte zu Eigen machen. Wir bem\u00fchen uns Verlinkungen aktuell zu halten.<\/p><h4>Urheberrecht und Bildnachweise<\/h4><p>Die Inhalte von Bookify24.com sind \u2013 soweit nicht abweichend angegeben \u2013 urheberrechtlich geschu\u0308tzt.Verwendete Fotografien sind ggf. mit Bildnachweisen gekennzeichnet oder in den Quellenangaben aufgefu\u0308hrt, soweit sie nicht von unseren Partnerunternehmen bereitgestellt wurden. Soweit die Inhalte auf dieser Seite nicht vom Betreiber erstellt wurden, werden die Urheberrechte Dritter beachtet. Sollten Sie trotzdem auf eine Urheberrechtsverletzung aufmerksam werden, bitten wir um einen entsprechenden Hinweis. Bei Bekanntwerden von Rechtsverletzungen werden wir derartige Inhalte umgehend entfernen.<\/p><h4>Quellenangaben f\u00fcr die verwendeten Bilder und Grafiken:<\/h4><p><a href=\"https:\/\/www.shutterstock.com\/home\" target=\"_blank\" rel=\"noopener noreferrer\">http:\/\/www.shutterstock.com<\/a><br \/><a href=\"http:\/\/www.istockphoto.com\/de\" target=\"_blank\" rel=\"noopener noreferrer\">http:\/\/www.istockphoto.com<\/a><br \/><a href=\"https:\/\/de.fotolia.com\/\" target=\"_blank\" rel=\"noopener noreferrer\">http:\/\/www.pexels.com<\/a><\/p><h4>Aktualit\u00e4t<\/h4><p>Der Inhalt dieser Website wurde mit \u00e4u\u00dferster Sorgfalt erstellt. Wir k\u00f6nnen jedoch nicht garantieren, dass alle Angaben korrekt und aktuell sind. Die Informationen, Produkte und Dienstleistungen, die auf dieser Seite ver\u00f6ffentlicht werden, k\u00f6nnen Ungenauigkeiten und Rechtschreibfehler enthalten. Bookify24 und ihre Partner k\u00f6nnen weder die Genauigkeit der Informationen und Beschreibungen bez\u00fcglich Unterk\u00fcnften, Flugreisen, Mietwagenangeboten und Attraktionen sowie allen anderen Reiseprodukten garantieren, noch sind sie f\u00fcr Abweichungen von den gemachten Angaben haftbar. Dies beinhaltet Fotos, Angaben der Hotelleistungen, allgemeine Produktbeschreibungen, usw. Ein Gro\u00dfteil dieser Informationen ist vom eigentlichen Dienstleister bzw. dem Anbieter selbst \u00fcbernommen. Bei Problemen mit einem Angebot wenden Sie sich bitte direkt an den Anbieter des jeweiligen Angebots. Die Bewertungen der Angebote, die auf dieser Website genannt werden, dienen nur als allgemeine Richtlinie und Bookify24 kann nicht f\u00fcr die Genauigkeit garantieren. Aktualisierung werden regelm\u00e4\u00dfig vorgenommen. Bookify24, ihre Partner sowie die jeweiligen Anbieter nehmen, falls n\u00f6tig, Verbesserungen und \/ oder \u00c4nderungen an dieser Website vor.<\/p><h4>Online-Streitbeilegung<\/h4><p>Alternative Streitbeilegung gem\u00e4\u00df Art. 14 Abs. 1 ODR-VO und \u00a7 36 VSBG:<\/p><p>Die Europ\u00e4ische Kommission stellt eine Plattform zur Online-Streitbeilegung (OS) bereit, die du unter\u00a0<a href=\"https:\/\/ec.europa.eu\/consumers\/odr\" target=\"_blank\" rel=\"noopener noreferrer\">https:\/\/ec.europa.eu\/consumers\/odr<\/a>\u00a0findest. Zur Teilnahme an einem Streitbeilegungsverfahren vor einer Verbraucherschlichtungsstelle sind wir nicht verpflichtet und nicht bereit.<\/p><h3><strong>Partnerprogramme<\/strong><\/h3><h4>CHECK24.net Partnerprogramm<\/h4><p>Wir nehmen am CHECK24.net Partnerprogramm teil. Auf unseren Seiten werden iFrame-Buchungsmasken und andere Werbemittel eingebunden, an denen wir \u00fcber Transaktionen, zum Beispiel durch Leads und Sales, eine Werbekostenerstattung erhalten k\u00f6nnen.<\/p><p>Weitere Informationen zur Datennutzung durch CHECK24.net erhalten Sie in der Datenschutzerkl\u00e4rung von <a href=\"https:\/\/www.check24.net\" target=\"_blank\" rel=\"noopener noreferrer\">CHECK24.net<\/a>.<\/p><h4>D\u00e4nemark.de Partnerprogramm<\/h4><p>Wir nehmen am D\u00e4nemark.de Partnerprogramm teil. Auf unseren Seiten werden iFrame-Buchungsmasken und andere Werbemittel eingebunden, an denen wir \u00fcber Transaktionen, zum Beispiel durch Leads und Sales, eine Werbekostenerstattung erhalten k\u00f6nnen.<\/p><p>Weitere Informationen zur Datennutzung durch D\u00e4nemark.de erhalten Sie in der Datenschutzerkl\u00e4rung von <a href=\"https:\/\/www.daenemark.de\" target=\"_blank\" rel=\"noopener noreferrer\">D\u00e4nemark.de<\/a>.<\/p><h4>Booking.com Partnerprogramm<\/h4><p>Wir nehmen am Booking.com Partnerprogramm teil. Auf unseren Seiten werden iFrame-Buchungsmasken und andere Werbemittel eingebunden, an denen wir \u00fcber Transaktionen, zum Beispiel durch Leads und Sales, eine Werbekostenerstattung erhalten k\u00f6nnen.<\/p><p>Weitere Informationen zur Datennutzung durch Booking.com erhalten Sie in der Datenschutzerkl\u00e4rung von <a href=\"https:\/\/www.booking.com\/\" target=\"_blank\" rel=\"noopener noreferrer\">Booking.com.<\/a><\/p><h4>Travelpayouts.com Partnerprogramm<\/h4><p>Wir nehmen am Travelpayouts.com Partnerprogramm teil. Auf unseren Seiten werden iFrame-Buchungsmasken und andere Werbemittel eingebunden, an denen wir \u00fcber Transaktionen, zum Beispiel durch Leads und Sales, eine Werbekostenerstattung erhalten k\u00f6nnen.<\/p><p>Weitere Informationen zur Datennutzung durch Travelpayouts.com erhalten Sie in der Datenschutzerkl\u00e4rung von <a href=\"https:\/\/www.travelpayouts.com\" target=\"_blank\" rel=\"noopener noreferrer\">Travelpayouts.com.<\/a><\/p><h4>Rentalcars.com Partnerprogramm<\/h4><p>Wir nehmen am Rentalcars.com Partnerprogramm teil. Auf unseren Seiten werden iFrame-Buchungsmasken und andere Werbemittel eingebunden, an denen wir \u00fcber Transaktionen, zum Beispiel durch Leads und Sales, eine Werbekostenerstattung erhalten k\u00f6nnen.<\/p><p>Weitere Informationen zur Datennutzung durch Rentalcars.com erhalten Sie in der Datenschutzerkl\u00e4rung von <a href=\"https:\/\/www.rentalcars.com\/\" target=\"_blank\" rel=\"noopener noreferrer\">Rentalcars.com.<\/a><\/p><h4>AWIN.com Partnerprogramm<\/h4><p>Wir nehmen am Awin.com Partnerprogramm teil. Auf unseren Seiten werden iFrame-Buchungsmasken und andere Werbemittel eingebunden, an denen wir \u00fcber Transaktionen, zum Beispiel durch Leads und Sales, eine Werbekostenerstattung erhalten k\u00f6nnen.<\/p><p>Weitere Informationen zur Datennutzung durch Awin.com erhalten Sie in der Datenschutzerkl\u00e4rung von <a href=\"https:\/\/www.awin.com\/\" target=\"_blank\" rel=\"noopener noreferrer\">Awin.com.<\/a><\/p><h4>Getyourguide.com Partnerprogramm<\/h4><p>Wir nehmen am Getyourguide.com Partnerprogramm teil. Auf unseren Seiten werden iFrame-Buchungsmasken und andere Werbemittel eingebunden, an denen wir \u00fcber Transaktionen, zum Beispiel durch Leads und Sales, eine Werbekostenerstattung erhalten k\u00f6nnen.<\/p><p>Weitere Informationen zur Datennutzung durch Getyourguide.com erhalten Sie in der Datenschutzerkl\u00e4rung von <a style=\"color: #3366ff;\" href=\"https:\/\/www.getyourguide.de\/privacy_policy\" target=\"_blank\" rel=\"noopener noreferrer\">Getyourguide<\/a>.<\/p><h4>Ticketmaster.com Partnerprogramm<\/h4><p>Wir nehmen am Ticketmaster.com Partnerprogramm teil. Auf unseren Seiten werden iFrame-Buchungsmasken und andere Werbemittel eingebunden, an denen wir \u00fcber Transaktionen, zum Beispiel durch Leads und Sales, eine Werbekostenerstattung erhalten k\u00f6nnen.<\/p><p>Weitere Informationen zur Datennutzung durch Ticketmaster.com erhalten Sie in der Datenschutzerkl\u00e4rung von <a style=\"color: #3366ff;\" href=\"https:\/\/www.ticketmaster.de\/\" target=\"_blank\" rel=\"noopener noreferrer\">Ticketmaster.com.<\/a><\/p>\t\t\t\t\t\t\t\t<\/div>\n\t\t\t\t<\/div>\n\t\t\t\t\t<\/div>\n\t\t<\/div>\n\t\t\t\t\t<\/div>\n\t\t<\/section>\n\t\t\t\t<\/div>\n\t\t","protected":false},"excerpt":{"rendered":"<p>Seitenbetreiber Das Reise- und Preisvergleichsportal Bookify24.com ist ein Projekt von Michael Heinze. Michael Heinze -Bookify24.com- Tinsdaler Weg 23a22880 Wedel Germany Telefon: +49 (0)4103-9031027 (keine Auskunft zu Angeboten!) E-Mail: info@bookify24.com Internet: bookify24.com \u00a0 Inhaltlich Verantwortlicher gema\u0308\u00df \u00a7 55 Abs. 2 RStV: Dipl.-Ing.(FH) Michael Heinze (Anschrift wie oben) \u00a0 Disclaimer Haftung f\u00fcr InhalteAls Diensteanbieter sind wir gem\u00e4\u00df [&hellip;]<\/p>\n","protected":false},"author":1,"featured_media":22044,"parent":0,"menu_order":0,"comment_status":"closed","ping_status":"closed","template":"template-blank.php","meta":{"footnotes":""},"class_list":["post-21489","page","type-page","status-publish","has-post-thumbnail","hentry"],"yoast_head":"<!-- This site is optimized with the Yoast SEO plugin v27.3 - https:\/\/yoast.com\/product\/yoast-seo-wordpress\/ -->\n<title>Impressum - Bookify24<\/title>\n<meta name=\"robots\" content=\"index, follow, max-snippet:-1, max-image-preview:large, max-video-preview:-1\" \/>\n<link rel=\"canonical\" href=\"https:\/\/bookify24.com\/es\/impressum\/\" \/>\n<meta property=\"og:locale\" content=\"es_ES\" \/>\n<meta property=\"og:type\" content=\"article\" \/>\n<meta property=\"og:title\" content=\"Impressum - Bookify24\" \/>\n<meta property=\"og:description\" content=\"Seitenbetreiber Das Reise- und Preisvergleichsportal Bookify24.com ist ein Projekt von Michael Heinze. Michael Heinze -Bookify24.com- Tinsdaler Weg 23a22880 Wedel Germany Telefon: +49 (0)4103-9031027 (keine Auskunft zu Angeboten!) E-Mail: info@bookify24.com Internet: bookify24.com \u00a0 Inhaltlich Verantwortlicher gema\u0308\u00df \u00a7 55 Abs. 2 RStV: Dipl.-Ing.(FH) Michael Heinze (Anschrift wie oben) \u00a0 Disclaimer Haftung f\u00fcr InhalteAls Diensteanbieter sind wir gem\u00e4\u00df [&hellip;]\" \/>\n<meta property=\"og:url\" content=\"https:\/\/bookify24.com\/es\/impressum\/\" \/>\n<meta property=\"og:site_name\" content=\"Bookify24\" \/>\n<meta property=\"article:modified_time\" content=\"2026-02-07T14:21:27+00:00\" \/>\n<meta property=\"og:image\" content=\"https:\/\/bookify24.com\/wp-content\/uploads\/2023\/06\/image-1.png\" \/>\n\t<meta property=\"og:image:width\" content=\"1290\" \/>\n\t<meta property=\"og:image:height\" content=\"600\" \/>\n\t<meta property=\"og:image:type\" content=\"image\/png\" \/>\n<meta name=\"twitter:card\" content=\"summary_large_image\" \/>\n<meta name=\"twitter:label1\" content=\"Tiempo de lectura\" \/>\n\t<meta name=\"twitter:data1\" content=\"5 minutos\" \/>\n<script type=\"application\/ld+json\" class=\"yoast-schema-graph\">{\"@context\":\"https:\\\/\\\/schema.org\",\"@graph\":[{\"@type\":\"WebPage\",\"@id\":\"https:\\\/\\\/bookify24.com\\\/es\\\/impressum\\\/\",\"url\":\"https:\\\/\\\/bookify24.com\\\/es\\\/impressum\\\/\",\"name\":\"Impressum - Bookify24\",\"isPartOf\":{\"@id\":\"https:\\\/\\\/bookify24.com\\\/es\\\/#website\"},\"primaryImageOfPage\":{\"@id\":\"https:\\\/\\\/bookify24.com\\\/es\\\/impressum\\\/#primaryimage\"},\"image\":{\"@id\":\"https:\\\/\\\/bookify24.com\\\/impressum\\\/#primaryimage\"},\"thumbnailUrl\":\"https:\\\/\\\/bookify24.com\\\/wp-content\\\/uploads\\\/2023\\\/06\\\/image-1.png\",\"datePublished\":\"2023-06-13T17:40:48+00:00\",\"dateModified\":\"2026-02-07T14:21:27+00:00\",\"breadcrumb\":{\"@id\":\"https:\\\/\\\/bookify24.com\\\/es\\\/impressum\\\/#breadcrumb\"},\"inLanguage\":\"es\",\"potentialAction\":[{\"@type\":\"ReadAction\",\"target\":[[\"https:\\\/\\\/bookify24.com\\\/es\\\/impressum\\\/\"]]}]},{\"@type\":\"ImageObject\",\"inLanguage\":\"es\",\"@id\":\"https:\\\/\\\/bookify24.com\\\/es\\\/impressum\\\/#primaryimage\",\"url\":\"https:\\\/\\\/bookify24.com\\\/wp-content\\\/uploads\\\/2023\\\/06\\\/image-1.png\",\"contentUrl\":\"https:\\\/\\\/bookify24.com\\\/wp-content\\\/uploads\\\/2023\\\/06\\\/image-1.png\",\"width\":1290,\"height\":600,\"caption\":\"\u00dcber uns Preisvergleich Reiseanbieter\"},{\"@type\":\"BreadcrumbList\",\"@id\":\"https:\\\/\\\/bookify24.com\\\/es\\\/impressum\\\/#breadcrumb\",\"itemListElement\":[{\"@type\":\"ListItem\",\"position\":1,\"name\":\"Home\",\"item\":\"https:\\\/\\\/bookify24.com\\\/es\\\/\"},{\"@type\":\"ListItem\",\"position\":2,\"name\":\"Impressum\"}]},{\"@type\":\"WebSite\",\"@id\":\"https:\\\/\\\/bookify24.com\\\/es\\\/#website\",\"url\":\"https:\\\/\\\/bookify24.com\\\/es\\\/\",\"name\":\"Bookify24\",\"description\":\"Compara vuelos, hoteles, autos de alquiler y m\u00e1s\",\"publisher\":{\"@id\":\"https:\\\/\\\/bookify24.com\\\/es\\\/#organization\"},\"potentialAction\":[{\"@type\":\"SearchAction\",\"target\":{\"@type\":\"EntryPoint\",\"urlTemplate\":\"https:\\\/\\\/bookify24.com\\\/es\\\/?s={search_term_string}\"},\"query-input\":{\"@type\":\"PropertyValueSpecification\",\"valueRequired\":true,\"valueName\":\"search_term_string\"}}],\"inLanguage\":\"es\"},{\"@type\":\"Organization\",\"@id\":\"https:\\\/\\\/bookify24.com\\\/es\\\/#organization\",\"name\":\"Bookify24\",\"url\":\"https:\\\/\\\/bookify24.com\\\/es\\\/\",\"logo\":{\"@type\":\"ImageObject\",\"inLanguage\":\"es\",\"@id\":\"https:\\\/\\\/bookify24.com\\\/es\\\/#\\\/schema\\\/logo\\\/image\\\/\",\"url\":\"https:\\\/\\\/bookify24.com\\\/wp-content\\\/uploads\\\/2018\\\/10\\\/Bookify_Logo-Kopie-1.png\",\"contentUrl\":\"https:\\\/\\\/bookify24.com\\\/wp-content\\\/uploads\\\/2018\\\/10\\\/Bookify_Logo-Kopie-1.png\",\"width\":168,\"height\":44,\"caption\":\"Bookify24\"},\"image\":{\"@id\":\"https:\\\/\\\/bookify24.com\\\/es\\\/#\\\/schema\\\/logo\\\/image\\\/\"}}]}<\/script>\n<!-- \/ Yoast SEO plugin. -->","yoast_head_json":{"title":"Impressum - Bookify24","robots":{"index":"index","follow":"follow","max-snippet":"max-snippet:-1","max-image-preview":"max-image-preview:large","max-video-preview":"max-video-preview:-1"},"canonical":"https:\/\/bookify24.com\/es\/impressum\/","og_locale":"es_ES","og_type":"article","og_title":"Impressum - Bookify24","og_description":"Seitenbetreiber Das Reise- und Preisvergleichsportal Bookify24.com ist ein Projekt von Michael Heinze. Michael Heinze -Bookify24.com- Tinsdaler Weg 23a22880 Wedel Germany Telefon: +49 (0)4103-9031027 (keine Auskunft zu Angeboten!) E-Mail: info@bookify24.com Internet: bookify24.com \u00a0 Inhaltlich Verantwortlicher gema\u0308\u00df \u00a7 55 Abs. 2 RStV: Dipl.-Ing.(FH) Michael Heinze (Anschrift wie oben) \u00a0 Disclaimer Haftung f\u00fcr InhalteAls Diensteanbieter sind wir gem\u00e4\u00df [&hellip;]","og_url":"https:\/\/bookify24.com\/es\/impressum\/","og_site_name":"Bookify24","article_modified_time":"2026-02-07T14:21:27+00:00","og_image":[{"width":1290,"height":600,"url":"https:\/\/bookify24.com\/wp-content\/uploads\/2023\/06\/image-1.png","type":"image\/png"}],"twitter_card":"summary_large_image","twitter_misc":{"Tiempo de lectura":"5 minutos"},"schema":{"@context":"https:\/\/schema.org","@graph":[{"@type":"WebPage","@id":"https:\/\/bookify24.com\/es\/impressum\/","url":"https:\/\/bookify24.com\/es\/impressum\/","name":"Impressum - Bookify24","isPartOf":{"@id":"https:\/\/bookify24.com\/es\/#website"},"primaryImageOfPage":{"@id":"https:\/\/bookify24.com\/es\/impressum\/#primaryimage"},"image":{"@id":"https:\/\/bookify24.com\/impressum\/#primaryimage"},"thumbnailUrl":"https:\/\/bookify24.com\/wp-content\/uploads\/2023\/06\/image-1.png","datePublished":"2023-06-13T17:40:48+00:00","dateModified":"2026-02-07T14:21:27+00:00","breadcrumb":{"@id":"https:\/\/bookify24.com\/es\/impressum\/#breadcrumb"},"inLanguage":"es","potentialAction":[{"@type":"ReadAction","target":[["https:\/\/bookify24.com\/es\/impressum\/"]]}]},{"@type":"ImageObject","inLanguage":"es","@id":"https:\/\/bookify24.com\/es\/impressum\/#primaryimage","url":"https:\/\/bookify24.com\/wp-content\/uploads\/2023\/06\/image-1.png","contentUrl":"https:\/\/bookify24.com\/wp-content\/uploads\/2023\/06\/image-1.png","width":1290,"height":600,"caption":"\u00dcber uns Preisvergleich Reiseanbieter"},{"@type":"BreadcrumbList","@id":"https:\/\/bookify24.com\/es\/impressum\/#breadcrumb","itemListElement":[{"@type":"ListItem","position":1,"name":"Home","item":"https:\/\/bookify24.com\/es\/"},{"@type":"ListItem","position":2,"name":"Impressum"}]},{"@type":"WebSite","@id":"https:\/\/bookify24.com\/es\/#website","url":"https:\/\/bookify24.com\/es\/","name":"Bookify24","description":"Compara vuelos, hoteles, autos de alquiler y m\u00e1s","publisher":{"@id":"https:\/\/bookify24.com\/es\/#organization"},"potentialAction":[{"@type":"SearchAction","target":{"@type":"EntryPoint","urlTemplate":"https:\/\/bookify24.com\/es\/?s={search_term_string}"},"query-input":{"@type":"PropertyValueSpecification","valueRequired":true,"valueName":"search_term_string"}}],"inLanguage":"es"},{"@type":"Organization","@id":"https:\/\/bookify24.com\/es\/#organization","name":"Bookify24","url":"https:\/\/bookify24.com\/es\/","logo":{"@type":"ImageObject","inLanguage":"es","@id":"https:\/\/bookify24.com\/es\/#\/schema\/logo\/image\/","url":"https:\/\/bookify24.com\/wp-content\/uploads\/2018\/10\/Bookify_Logo-Kopie-1.png","contentUrl":"https:\/\/bookify24.com\/wp-content\/uploads\/2018\/10\/Bookify_Logo-Kopie-1.png","width":168,"height":44,"caption":"Bookify24"},"image":{"@id":"https:\/\/bookify24.com\/es\/#\/schema\/logo\/image\/"}}]}},"_links":{"self":[{"href":"https:\/\/bookify24.com\/es\/wp-json\/wp\/v2\/pages\/21489","targetHints":{"allow":["GET"]}}],"collection":[{"href":"https:\/\/bookify24.com\/es\/wp-json\/wp\/v2\/pages"}],"about":[{"href":"https:\/\/bookify24.com\/es\/wp-json\/wp\/v2\/types\/page"}],"author":[{"embeddable":true,"href":"https:\/\/bookify24.com\/es\/wp-json\/wp\/v2\/users\/1"}],"replies":[{"embeddable":true,"href":"https:\/\/bookify24.com\/es\/wp-json\/wp\/v2\/comments?post=21489"}],"version-history":[{"count":2,"href":"https:\/\/bookify24.com\/es\/wp-json\/wp\/v2\/pages\/21489\/revisions"}],"predecessor-version":[{"id":27303,"href":"https:\/\/bookify24.com\/es\/wp-json\/wp\/v2\/pages\/21489\/revisions\/27303"}],"wp:featuredmedia":[{"embeddable":true,"href":"https:\/\/bookify24.com\/es\/wp-json\/wp\/v2\/media\/22044"}],"wp:attachment":[{"href":"https:\/\/bookify24.com\/es\/wp-json\/wp\/v2\/media?parent=21489"}],"curies":[{"name":"wp","href":"https:\/\/api.w.org\/{rel}","templated":true}]}}