{"id":707,"date":"2022-04-14T01:27:33","date_gmt":"2022-04-14T01:27:33","guid":{"rendered":"https:\/\/modmixmap.wpengine.com\/?page_id=707"},"modified":"2023-06-23T17:47:15","modified_gmt":"2023-06-23T15:47:15","slug":"contact","status":"publish","type":"page","link":"https:\/\/bookify24.com\/es\/contact\/","title":{"rendered":"Contacto"},"content":{"rendered":"\t\t<div data-elementor-type=\"wp-page\" data-elementor-id=\"707\" class=\"elementor elementor-707\">\n\t\t\t\t\t\t<section class=\"elementor-section elementor-top-section elementor-element elementor-element-152ee526 elementor-section-full_width elementor-section-height-default elementor-section-height-default\" data-id=\"152ee526\" data-element_type=\"section\" data-e-type=\"section\">\n\t\t\t\t\t\t<div class=\"elementor-container elementor-column-gap-no\">\n\t\t\t\t\t<div class=\"elementor-column elementor-col-100 elementor-top-column elementor-element elementor-element-560e6049\" data-id=\"560e6049\" data-element_type=\"column\" data-e-type=\"column\">\n\t\t\t<div class=\"elementor-widget-wrap elementor-element-populated\">\n\t\t\t\t\t\t<div class=\"elementor-element elementor-element-bd787db elementor-widget elementor-widget-google_maps\" data-id=\"bd787db\" data-element_type=\"widget\" data-e-type=\"widget\" data-widget_type=\"google_maps.default\">\n\t\t\t\t<div class=\"elementor-widget-container\">\n\t\t\t\t\t\t\t<div class=\"elementor-custom-embed\">\n\t\t\t<iframe loading=\"lazy\"\n\t\t\t\t\tsrc=\"https:\/\/www.google.com\/maps\/embed\/v1\/place?key=AIzaSyD_mvw2zZtbTI4CrlzB0zqInC6jYXfhsQw&#038;q=hamburg&#038;zoom=10\"\n\t\t\t\t\ttitle=\"hamburg\"\n\t\t\t\t\taria-label=\"hamburg\"\n\t\t\t><\/iframe>\n\t\t<\/div>\n\t\t\t\t\t\t<\/div>\n\t\t\t\t<\/div>\n\t\t\t\t\t<\/div>\n\t\t<\/div>\n\t\t\t\t\t<\/div>\n\t\t<\/section>\n\t\t\t\t<section class=\"elementor-section elementor-top-section elementor-element elementor-element-7286bf4b elementor-section-content-middle elementor-section-boxed elementor-section-height-default elementor-section-height-default\" data-id=\"7286bf4b\" data-element_type=\"section\" data-e-type=\"section\">\n\t\t\t\t\t\t<div class=\"elementor-container elementor-column-gap-default\">\n\t\t\t\t\t<div class=\"elementor-column elementor-col-50 elementor-top-column elementor-element elementor-element-4fc8b9e5\" data-id=\"4fc8b9e5\" data-element_type=\"column\" data-e-type=\"column\">\n\t\t\t<div class=\"elementor-widget-wrap elementor-element-populated\">\n\t\t\t\t\t\t<div class=\"elementor-element elementor-element-2a2ce934 elementor-widget elementor-widget-heading\" data-id=\"2a2ce934\" data-element_type=\"widget\" data-e-type=\"widget\" data-widget_type=\"heading.default\">\n\t\t\t\t<div class=\"elementor-widget-container\">\n\t\t\t\t\t<h2 class=\"elementor-heading-title elementor-size-default\">Kontaktinformationen<\/h2>\t\t\t\t<\/div>\n\t\t\t\t<\/div>\n\t\t\t\t<div class=\"elementor-element elementor-element-6bbd8299 elementor-widget elementor-widget-heading\" data-id=\"6bbd8299\" data-element_type=\"widget\" data-e-type=\"widget\" data-widget_type=\"heading.default\">\n\t\t\t\t<div class=\"elementor-widget-container\">\n\t\t\t\t\t<h2 class=\"elementor-heading-title elementor-size-default\">Bei Fragen zu Angeboten, Buchungen oder Stornierungen kontaktiere bitte den jeweiligen Anbieter bei dem Du Deine Buchung abgeschlossen hast. Vielen Dank!<\/h2>\t\t\t\t<\/div>\n\t\t\t\t<\/div>\n\t\t\t\t<div class=\"elementor-element elementor-element-427920a1 elementor-position-left elementor-vertical-align-middle elementor-mobile-position-left elementor-view-default elementor-widget elementor-widget-icon-box\" data-id=\"427920a1\" data-element_type=\"widget\" data-e-type=\"widget\" data-widget_type=\"icon-box.default\">\n\t\t\t\t<div class=\"elementor-widget-container\">\n\t\t\t\t\t            <div class=\"elementor-icon-box-wrapper \">\r\n                                <div class=\"elementor-icon-box-content\">\r\n\t\t\t\t\t                    <h3 class=\"elementor-icon-box-title \">\r\n                        <span   style=\"display: inline-flex; align-items: center;\">\r\n\r\n                                                                                    <div class=\"elementor-icon-box-icon\">\r\n                                    <span class=\"elementor-icon elementor-animation-\" >\r\n                                                                        <\/span>\r\n                                <\/div>\r\n                                                     Germany, Barmstedter Str.7, 25485 Hemdingen                        <\/span>\r\n                    <\/h3>\r\n\r\n                                    <\/div>\r\n            <\/div>\r\n            \t\t\t\t<\/div>\n\t\t\t\t<\/div>\n\t\t\t\t<div class=\"elementor-element elementor-element-58f2cd5b elementor-widget-divider--view-line elementor-widget elementor-widget-divider\" data-id=\"58f2cd5b\" data-element_type=\"widget\" data-e-type=\"widget\" data-widget_type=\"divider.default\">\n\t\t\t\t<div class=\"elementor-widget-container\">\n\t\t\t\t\t\t\t<div class=\"elementor-divider\">\n\t\t\t<span class=\"elementor-divider-separator\">\n\t\t\t\t\t\t<\/span>\n\t\t<\/div>\n\t\t\t\t\t\t<\/div>\n\t\t\t\t<\/div>\n\t\t\t\t<div class=\"elementor-element elementor-element-18a154ec elementor-position-left elementor-vertical-align-middle elementor-mobile-position-left elementor-view-default elementor-widget elementor-widget-icon-box\" data-id=\"18a154ec\" data-element_type=\"widget\" data-e-type=\"widget\" data-widget_type=\"icon-box.default\">\n\t\t\t\t<div class=\"elementor-widget-container\">\n\t\t\t\t\t            <div class=\"elementor-icon-box-wrapper \">\r\n                                <div class=\"elementor-icon-box-content\">\r\n\t\t\t\t\t                    <h3 class=\"elementor-icon-box-title \">\r\n                        <span   style=\"display: inline-flex; align-items: center;\">\r\n\r\n                                                                                    <div class=\"elementor-icon-box-icon\">\r\n                                    <span class=\"elementor-icon elementor-animation-\" >\r\n                                                                        <\/span>\r\n                                <\/div>\r\n                                                     (049) 160 -270 270 7                        <\/span>\r\n                    <\/h3>\r\n\r\n                                    <\/div>\r\n            <\/div>\r\n            \t\t\t\t<\/div>\n\t\t\t\t<\/div>\n\t\t\t\t<div class=\"elementor-element elementor-element-3d492a61 elementor-widget-divider--view-line elementor-widget elementor-widget-divider\" data-id=\"3d492a61\" data-element_type=\"widget\" data-e-type=\"widget\" data-widget_type=\"divider.default\">\n\t\t\t\t<div class=\"elementor-widget-container\">\n\t\t\t\t\t\t\t<div class=\"elementor-divider\">\n\t\t\t<span class=\"elementor-divider-separator\">\n\t\t\t\t\t\t<\/span>\n\t\t<\/div>\n\t\t\t\t\t\t<\/div>\n\t\t\t\t<\/div>\n\t\t\t\t<div class=\"elementor-element elementor-element-b79049e elementor-position-left elementor-vertical-align-middle elementor-mobile-position-left elementor-view-default elementor-widget elementor-widget-icon-box\" data-id=\"b79049e\" data-element_type=\"widget\" data-e-type=\"widget\" data-widget_type=\"icon-box.default\">\n\t\t\t\t<div class=\"elementor-widget-container\">\n\t\t\t\t\t            <div class=\"elementor-icon-box-wrapper \">\r\n                                <div class=\"elementor-icon-box-content\">\r\n\t\t\t\t\t                    <h3 class=\"elementor-icon-box-title \">\r\n                        <a href=\"http:\/\/info@bookify24.com\"  style=\"display: inline-flex; align-items: center;\">\r\n\r\n                                                                                    <div class=\"elementor-icon-box-icon\">\r\n                                    <a class=\"elementor-icon elementor-animation-\" href=\"http:\/\/info@bookify24.com\">\r\n                                                                        <\/a>\r\n                                <\/div>\r\n                                                     info@bookify24.com                        <\/a>\r\n                    <\/h3>\r\n\r\n                                    <\/div>\r\n            <\/div>\r\n            \t\t\t\t<\/div>\n\t\t\t\t<\/div>\n\t\t\t\t\t<\/div>\n\t\t<\/div>\n\t\t\t\t<div class=\"elementor-column elementor-col-50 elementor-top-column elementor-element elementor-element-b80a6ce\" data-id=\"b80a6ce\" data-element_type=\"column\" data-e-type=\"column\">\n\t\t\t<div class=\"elementor-widget-wrap elementor-element-populated\">\n\t\t\t\t\t\t<div class=\"elementor-element elementor-element-10e6865 elementor-widget elementor-widget-shortcode\" data-id=\"10e6865\" data-element_type=\"widget\" data-e-type=\"widget\" data-widget_type=\"shortcode.default\">\n\t\t\t\t<div class=\"elementor-widget-container\">\n\t\t\t\t\t\t\t<div class=\"elementor-shortcode\">\n<div class=\"wpcf7 no-js\" id=\"wpcf7-f6-o1\" lang=\"en-US\" dir=\"ltr\" data-wpcf7-id=\"6\">\n<div class=\"screen-reader-response\"><p role=\"status\" aria-live=\"polite\" aria-atomic=\"true\"><\/p> <ul><\/ul><\/div>\n<form action=\"\/es\/wp-json\/wp\/v2\/pages\/707#wpcf7-f6-o1\" method=\"post\" class=\"wpcf7-form init\" aria-label=\"Contact form\" novalidate=\"novalidate\" data-status=\"init\">\n<fieldset class=\"hidden-fields-container\"><input type=\"hidden\" name=\"_wpcf7\" value=\"6\" \/><input type=\"hidden\" name=\"_wpcf7_version\" value=\"6.1.5\" \/><input type=\"hidden\" name=\"_wpcf7_locale\" value=\"en_US\" \/><input type=\"hidden\" name=\"_wpcf7_unit_tag\" value=\"wpcf7-f6-o1\" \/><input type=\"hidden\" name=\"_wpcf7_container_post\" value=\"0\" \/><input type=\"hidden\" name=\"_wpcf7_posted_data_hash\" value=\"\" \/>\n<\/fieldset>\n<div class=\"st-contact-form st-border-new\">\n\t<h3>Enviar un mensaje\n\t\t<div class=\"mt30\">\n\t\t\t<div class=\"row\">\n\t\t\t\t<div class=\"col-md-6\">\n\t\t\t\t\t<div class=\"form-group\">\n\t\t\t\t\t\t<p><span class=\"wpcf7-form-control-wrap\" data-name=\"your-name\"><input size=\"40\" maxlength=\"400\" class=\"wpcf7-form-control wpcf7-text form-control\" id=\"name\" aria-invalid=\"false\" placeholder=\"Tu Nombre*\" value=\"\" type=\"text\" name=\"your-name\" \/><\/span>\n\t\t\t\t\t\t<\/p>\n\t\t\t\t\t<\/div>\n\t\t\t\t<\/div>\n\t\t\t\t<div class=\"col-md-6\">\n\t\t\t\t\t<div class=\"form-group\">\n\t\t\t\t\t\t<p><span class=\"wpcf7-form-control-wrap\" data-name=\"your-phone\"><input size=\"40\" maxlength=\"400\" class=\"wpcf7-form-control wpcf7-tel wpcf7-text wpcf7-validates-as-tel form-control\" id=\"phone\" aria-invalid=\"false\" placeholder=\"N\u00famero de tel\u00e9fono\" value=\"\" type=\"tel\" name=\"your-phone\" \/><\/span>\n\t\t\t\t\t\t<\/p>\n\t\t\t\t\t<\/div>\n\t\t\t\t<\/div>\n\t\t\t<\/div>\n\t\t\t<div class=\"row\">\n\t\t\t\t<div class=\"col-md-12\">\n\t\t\t\t\t<div class=\"form-group\">\n\t\t\t\t\t\t<p><span class=\"wpcf7-form-control-wrap\" data-name=\"email-139\"><input size=\"40\" maxlength=\"400\" class=\"wpcf7-form-control wpcf7-email wpcf7-validates-as-required wpcf7-text wpcf7-validates-as-email form-control\" id=\"email\" aria-required=\"true\" aria-invalid=\"false\" placeholder=\"Tu correo electr\u00f3nico*\" value=\"\" type=\"email\" name=\"email-139\" \/><\/span>\n\t\t\t\t\t\t<\/p>\n\t\t\t\t\t<\/div>\n\t\t\t\t<\/div>\n\t\t\t<\/div>\n\t\t\t<div class=\"form-group\">\n\t\t\t\t<p><span class=\"wpcf7-form-control-wrap\" data-name=\"message\"><textarea cols=\"40\" rows=\"10\" maxlength=\"2000\" class=\"wpcf7-form-control wpcf7-textarea form-control\" id=\"message\" aria-invalid=\"false\" placeholder=\"Mensaje\" name=\"message\"><\/textarea><\/span>\n\t\t\t\t<\/p>\n\t\t\t<\/div>\n\t\t\t<div class=\"st-button-subbmit\">\n\t\t\t\t<p><input class=\"wpcf7-form-control wpcf7-submit has-spinner btn text-center btn-v2 btn-primary\" type=\"submit\" value=\"Entregar\" \/>\n\t\t\t\t<\/p>\n\t\t\t<\/div>\n\t\t<\/div>\n\t<\/h3>\n<\/div><div class=\"wpcf7-response-output\" aria-hidden=\"true\"><\/div>\n<\/form>\n<\/div>\n<\/div>\n\t\t\t\t\t\t<\/div>\n\t\t\t\t<\/div>\n\t\t\t\t\t<\/div>\n\t\t<\/div>\n\t\t\t\t\t<\/div>\n\t\t<\/section>\n\t\t\t\t<\/div>\n\t\t","protected":false},"excerpt":{"rendered":"<p>Informaci\u00f3n del contacto Si tiene alguna pregunta sobre ofertas, reservas o cancelaciones, comun\u00edquese con el proveedor respectivo con el que realiz\u00f3 su reserva. \u00a1Muchas gracias! Germany, Barmstedter Str.7, 25485 Hemdingen (049) 160 -270 270 7 info@bookify24.com<\/p>\n","protected":false},"author":1,"featured_media":22044,"parent":0,"menu_order":0,"comment_status":"closed","ping_status":"closed","template":"template-blank.php","meta":{"footnotes":""},"class_list":["post-707","page","type-page","status-publish","has-post-thumbnail","hentry"],"yoast_head":"<!-- This site is optimized with the Yoast SEO plugin v27.5 - https:\/\/yoast.com\/product\/yoast-seo-wordpress\/ -->\n<title>Contacto - Bookify24<\/title>\n<meta name=\"robots\" content=\"index, follow, max-snippet:-1, max-image-preview:large, max-video-preview:-1\" \/>\n<link rel=\"canonical\" href=\"https:\/\/bookify24.com\/es\/contact\/\" \/>\n<meta property=\"og:locale\" content=\"es_ES\" \/>\n<meta property=\"og:type\" content=\"article\" \/>\n<meta property=\"og:title\" content=\"Contacto - Bookify24\" \/>\n<meta property=\"og:description\" content=\"Informaci\u00f3n del contacto Si tiene alguna pregunta sobre ofertas, reservas o cancelaciones, comun\u00edquese con el proveedor respectivo con el que realiz\u00f3 su reserva. \u00a1Muchas gracias! Germany, Barmstedter Str.7, 25485 Hemdingen (049) 160 -270 270 7 info@bookify24.com\" \/>\n<meta property=\"og:url\" content=\"https:\/\/bookify24.com\/es\/contact\/\" \/>\n<meta property=\"og:site_name\" content=\"Bookify24\" \/>\n<meta property=\"article:modified_time\" content=\"2023-06-23T15:47:15+00:00\" \/>\n<meta property=\"og:image\" content=\"https:\/\/bookify24.com\/wp-content\/uploads\/2023\/06\/image-1.png\" \/>\n\t<meta property=\"og:image:width\" content=\"1290\" \/>\n\t<meta property=\"og:image:height\" content=\"600\" \/>\n\t<meta property=\"og:image:type\" content=\"image\/png\" \/>\n<meta name=\"twitter:card\" content=\"summary_large_image\" \/>\n<meta name=\"twitter:label1\" content=\"Tiempo de lectura\" \/>\n\t<meta name=\"twitter:data1\" content=\"1 minuto\" \/>\n<script type=\"application\/ld+json\" class=\"yoast-schema-graph\">{\"@context\":\"https:\\\/\\\/schema.org\",\"@graph\":[{\"@type\":\"WebPage\",\"@id\":\"https:\\\/\\\/bookify24.com\\\/es\\\/contact\\\/\",\"url\":\"https:\\\/\\\/bookify24.com\\\/es\\\/contact\\\/\",\"name\":\"Contacto - Bookify24\",\"isPartOf\":{\"@id\":\"https:\\\/\\\/bookify24.com\\\/es\\\/#website\"},\"primaryImageOfPage\":{\"@id\":\"https:\\\/\\\/bookify24.com\\\/es\\\/contact\\\/#primaryimage\"},\"image\":{\"@id\":\"https:\\\/\\\/bookify24.com\\\/contact\\\/#primaryimage\"},\"thumbnailUrl\":\"https:\\\/\\\/bookify24.com\\\/wp-content\\\/uploads\\\/2023\\\/06\\\/image-1.png\",\"datePublished\":\"2022-04-14T01:27:33+00:00\",\"dateModified\":\"2023-06-23T15:47:15+00:00\",\"breadcrumb\":{\"@id\":\"https:\\\/\\\/bookify24.com\\\/es\\\/contact\\\/#breadcrumb\"},\"inLanguage\":\"es\",\"potentialAction\":[{\"@type\":\"ReadAction\",\"target\":[[\"https:\\\/\\\/bookify24.com\\\/es\\\/contact\\\/\"]]}]},{\"@type\":\"ImageObject\",\"inLanguage\":\"es\",\"@id\":\"https:\\\/\\\/bookify24.com\\\/es\\\/contact\\\/#primaryimage\",\"url\":\"https:\\\/\\\/bookify24.com\\\/wp-content\\\/uploads\\\/2023\\\/06\\\/image-1.png\",\"contentUrl\":\"https:\\\/\\\/bookify24.com\\\/wp-content\\\/uploads\\\/2023\\\/06\\\/image-1.png\",\"width\":1290,\"height\":600,\"caption\":\"\u00dcber uns Preisvergleich Reiseanbieter\"},{\"@type\":\"BreadcrumbList\",\"@id\":\"https:\\\/\\\/bookify24.com\\\/es\\\/contact\\\/#breadcrumb\",\"itemListElement\":[{\"@type\":\"ListItem\",\"position\":1,\"name\":\"Home\",\"item\":\"https:\\\/\\\/bookify24.com\\\/es\\\/\"},{\"@type\":\"ListItem\",\"position\":2,\"name\":\"Kontakt\"}]},{\"@type\":\"WebSite\",\"@id\":\"https:\\\/\\\/bookify24.com\\\/es\\\/#website\",\"url\":\"https:\\\/\\\/bookify24.com\\\/es\\\/\",\"name\":\"Bookify24\",\"description\":\"Compara vuelos, hoteles, autos de alquiler y m\u00e1s\",\"publisher\":{\"@id\":\"https:\\\/\\\/bookify24.com\\\/es\\\/#organization\"},\"potentialAction\":[{\"@type\":\"SearchAction\",\"target\":{\"@type\":\"EntryPoint\",\"urlTemplate\":\"https:\\\/\\\/bookify24.com\\\/es\\\/?s={search_term_string}\"},\"query-input\":{\"@type\":\"PropertyValueSpecification\",\"valueRequired\":true,\"valueName\":\"search_term_string\"}}],\"inLanguage\":\"es\"},{\"@type\":\"Organization\",\"@id\":\"https:\\\/\\\/bookify24.com\\\/es\\\/#organization\",\"name\":\"Bookify24\",\"url\":\"https:\\\/\\\/bookify24.com\\\/es\\\/\",\"logo\":{\"@type\":\"ImageObject\",\"inLanguage\":\"es\",\"@id\":\"https:\\\/\\\/bookify24.com\\\/es\\\/#\\\/schema\\\/logo\\\/image\\\/\",\"url\":\"https:\\\/\\\/bookify24.com\\\/wp-content\\\/uploads\\\/2018\\\/10\\\/Bookify_Logo-Kopie-1.png\",\"contentUrl\":\"https:\\\/\\\/bookify24.com\\\/wp-content\\\/uploads\\\/2018\\\/10\\\/Bookify_Logo-Kopie-1.png\",\"width\":168,\"height\":44,\"caption\":\"Bookify24\"},\"image\":{\"@id\":\"https:\\\/\\\/bookify24.com\\\/es\\\/#\\\/schema\\\/logo\\\/image\\\/\"}}]}<\/script>\n<!-- \/ Yoast SEO plugin. -->","yoast_head_json":{"title":"Contacto - Bookify24","robots":{"index":"index","follow":"follow","max-snippet":"max-snippet:-1","max-image-preview":"max-image-preview:large","max-video-preview":"max-video-preview:-1"},"canonical":"https:\/\/bookify24.com\/es\/contact\/","og_locale":"es_ES","og_type":"article","og_title":"Contacto - Bookify24","og_description":"Informaci\u00f3n del contacto Si tiene alguna pregunta sobre ofertas, reservas o cancelaciones, comun\u00edquese con el proveedor respectivo con el que realiz\u00f3 su reserva. \u00a1Muchas gracias! Germany, Barmstedter Str.7, 25485 Hemdingen (049) 160 -270 270 7 info@bookify24.com","og_url":"https:\/\/bookify24.com\/es\/contact\/","og_site_name":"Bookify24","article_modified_time":"2023-06-23T15:47:15+00:00","og_image":[{"width":1290,"height":600,"url":"https:\/\/bookify24.com\/wp-content\/uploads\/2023\/06\/image-1.png","type":"image\/png"}],"twitter_card":"summary_large_image","twitter_misc":{"Tiempo de lectura":"1 minuto"},"schema":{"@context":"https:\/\/schema.org","@graph":[{"@type":"WebPage","@id":"https:\/\/bookify24.com\/es\/contact\/","url":"https:\/\/bookify24.com\/es\/contact\/","name":"Contacto - Bookify24","isPartOf":{"@id":"https:\/\/bookify24.com\/es\/#website"},"primaryImageOfPage":{"@id":"https:\/\/bookify24.com\/es\/contact\/#primaryimage"},"image":{"@id":"https:\/\/bookify24.com\/contact\/#primaryimage"},"thumbnailUrl":"https:\/\/bookify24.com\/wp-content\/uploads\/2023\/06\/image-1.png","datePublished":"2022-04-14T01:27:33+00:00","dateModified":"2023-06-23T15:47:15+00:00","breadcrumb":{"@id":"https:\/\/bookify24.com\/es\/contact\/#breadcrumb"},"inLanguage":"es","potentialAction":[{"@type":"ReadAction","target":[["https:\/\/bookify24.com\/es\/contact\/"]]}]},{"@type":"ImageObject","inLanguage":"es","@id":"https:\/\/bookify24.com\/es\/contact\/#primaryimage","url":"https:\/\/bookify24.com\/wp-content\/uploads\/2023\/06\/image-1.png","contentUrl":"https:\/\/bookify24.com\/wp-content\/uploads\/2023\/06\/image-1.png","width":1290,"height":600,"caption":"\u00dcber uns Preisvergleich Reiseanbieter"},{"@type":"BreadcrumbList","@id":"https:\/\/bookify24.com\/es\/contact\/#breadcrumb","itemListElement":[{"@type":"ListItem","position":1,"name":"Home","item":"https:\/\/bookify24.com\/es\/"},{"@type":"ListItem","position":2,"name":"Kontakt"}]},{"@type":"WebSite","@id":"https:\/\/bookify24.com\/es\/#website","url":"https:\/\/bookify24.com\/es\/","name":"Bookify24","description":"Compara vuelos, hoteles, autos de alquiler y m\u00e1s","publisher":{"@id":"https:\/\/bookify24.com\/es\/#organization"},"potentialAction":[{"@type":"SearchAction","target":{"@type":"EntryPoint","urlTemplate":"https:\/\/bookify24.com\/es\/?s={search_term_string}"},"query-input":{"@type":"PropertyValueSpecification","valueRequired":true,"valueName":"search_term_string"}}],"inLanguage":"es"},{"@type":"Organization","@id":"https:\/\/bookify24.com\/es\/#organization","name":"Bookify24","url":"https:\/\/bookify24.com\/es\/","logo":{"@type":"ImageObject","inLanguage":"es","@id":"https:\/\/bookify24.com\/es\/#\/schema\/logo\/image\/","url":"https:\/\/bookify24.com\/wp-content\/uploads\/2018\/10\/Bookify_Logo-Kopie-1.png","contentUrl":"https:\/\/bookify24.com\/wp-content\/uploads\/2018\/10\/Bookify_Logo-Kopie-1.png","width":168,"height":44,"caption":"Bookify24"},"image":{"@id":"https:\/\/bookify24.com\/es\/#\/schema\/logo\/image\/"}}]}},"_links":{"self":[{"href":"https:\/\/bookify24.com\/es\/wp-json\/wp\/v2\/pages\/707","targetHints":{"allow":["GET"]}}],"collection":[{"href":"https:\/\/bookify24.com\/es\/wp-json\/wp\/v2\/pages"}],"about":[{"href":"https:\/\/bookify24.com\/es\/wp-json\/wp\/v2\/types\/page"}],"author":[{"embeddable":true,"href":"https:\/\/bookify24.com\/es\/wp-json\/wp\/v2\/users\/1"}],"replies":[{"embeddable":true,"href":"https:\/\/bookify24.com\/es\/wp-json\/wp\/v2\/comments?post=707"}],"version-history":[{"count":2,"href":"https:\/\/bookify24.com\/es\/wp-json\/wp\/v2\/pages\/707\/revisions"}],"predecessor-version":[{"id":22874,"href":"https:\/\/bookify24.com\/es\/wp-json\/wp\/v2\/pages\/707\/revisions\/22874"}],"wp:featuredmedia":[{"embeddable":true,"href":"https:\/\/bookify24.com\/es\/wp-json\/wp\/v2\/media\/22044"}],"wp:attachment":[{"href":"https:\/\/bookify24.com\/es\/wp-json\/wp\/v2\/media?parent=707"}],"curies":[{"name":"wp","href":"https:\/\/api.w.org\/{rel}","templated":true}]}}