{"id":8253,"date":"2018-12-10T18:16:56","date_gmt":"2018-12-10T17:16:56","guid":{"rendered":"https:\/\/bookify24.com\/?page_id=8253"},"modified":"2023-06-30T14:57:03","modified_gmt":"2023-06-30T12:57:03","slug":"pauschalreisen","status":"publish","type":"page","link":"https:\/\/bookify24.com\/es\/pauschalreisen\/","title":{"rendered":"Pauschalreisen"},"content":{"rendered":"<p class=\"qtranxs-available-languages-message qtranxs-available-languages-message-es\">Disculpa, pero esta entrada est\u00e1 disponible s\u00f3lo en <a href=\"https:\/\/bookify24.com\/de\/wp-json\/wp\/v2\/pages\/8253\" class=\"qtranxs-available-language-link qtranxs-available-language-link-de\" title=\"Deutsch\">Deutsch<\/a>.<\/p>","protected":false},"excerpt":{"rendered":"<p>Disculpa, pero esta entrada est\u00e1 disponible s\u00f3lo en Deutsch.<\/p>\n","protected":false},"author":1,"featured_media":21266,"parent":0,"menu_order":0,"comment_status":"closed","ping_status":"closed","template":"template-blank.php","meta":{"footnotes":""},"class_list":["post-8253","page","type-page","status-publish","has-post-thumbnail","hentry"],"yoast_head":"<!-- This site is optimized with the Yoast SEO plugin v27.4 - https:\/\/yoast.com\/product\/yoast-seo-wordpress\/ -->\n<title>Pauschalreisen vergleichen und g\u00fcnstig Reisen - Bookify24<\/title>\n<meta name=\"description\" content=\"Vergleiche Pauschalreisen und finde den g\u00fcnstigsten Flug mit Hotel. Last Minute, Fr\u00fchbucher und All Inklusive Reisen zum besten Preis!\" \/>\n<meta name=\"robots\" content=\"index, follow, max-snippet:-1, max-image-preview:large, max-video-preview:-1\" \/>\n<link rel=\"canonical\" href=\"https:\/\/bookify24.com\/es\/pauschalreisen\/\" \/>\n<meta property=\"og:locale\" content=\"es_ES\" \/>\n<meta property=\"og:type\" content=\"article\" \/>\n<meta property=\"og:title\" content=\"Pauschalreisen vergleichen und g\u00fcnstig Reisen - Bookify24\" \/>\n<meta property=\"og:description\" content=\"Vergleiche Pauschalreisen und finde den g\u00fcnstigsten Flug mit Hotel. Last Minute, Fr\u00fchbucher und All Inklusive Reisen zum besten Preis!\" \/>\n<meta property=\"og:url\" content=\"https:\/\/bookify24.com\/es\/pauschalreisen\/\" \/>\n<meta property=\"og:site_name\" content=\"Bookify24\" \/>\n<meta property=\"article:modified_time\" content=\"2023-06-30T12:57:03+00:00\" \/>\n<meta property=\"og:image\" content=\"https:\/\/bookify24.com\/wp-content\/uploads\/2023\/06\/banner-search-form-min.png\" \/>\n\t<meta property=\"og:image:width\" content=\"3840\" \/>\n\t<meta property=\"og:image:height\" content=\"800\" \/>\n\t<meta property=\"og:image:type\" content=\"image\/png\" \/>\n<meta name=\"twitter:card\" content=\"summary_large_image\" \/>\n<meta name=\"twitter:label1\" content=\"Tiempo de lectura\" \/>\n\t<meta name=\"twitter:data1\" content=\"4 minutos\" \/>\n<script type=\"application\/ld+json\" class=\"yoast-schema-graph\">{\"@context\":\"https:\\\/\\\/schema.org\",\"@graph\":[{\"@type\":\"WebPage\",\"@id\":\"https:\\\/\\\/bookify24.com\\\/es\\\/pauschalreisen\\\/\",\"url\":\"https:\\\/\\\/bookify24.com\\\/es\\\/pauschalreisen\\\/\",\"name\":\"Pauschalreisen vergleichen und g\u00fcnstig Reisen - Bookify24\",\"isPartOf\":{\"@id\":\"https:\\\/\\\/bookify24.com\\\/es\\\/#website\"},\"primaryImageOfPage\":{\"@id\":\"https:\\\/\\\/bookify24.com\\\/es\\\/pauschalreisen\\\/#primaryimage\"},\"image\":{\"@id\":\"https:\\\/\\\/bookify24.com\\\/pauschalreisen\\\/#primaryimage\"},\"thumbnailUrl\":\"https:\\\/\\\/bookify24.com\\\/wp-content\\\/uploads\\\/2023\\\/06\\\/banner-search-form-min-e1692437266798.png\",\"datePublished\":\"2018-12-10T17:16:56+00:00\",\"dateModified\":\"2023-06-30T12:57:03+00:00\",\"description\":\"Vergleiche Pauschalreisen und finde den g\u00fcnstigsten Flug mit Hotel. Last Minute, Fr\u00fchbucher und All Inklusive Reisen zum besten Preis!\",\"breadcrumb\":{\"@id\":\"https:\\\/\\\/bookify24.com\\\/es\\\/pauschalreisen\\\/#breadcrumb\"},\"inLanguage\":\"es\",\"potentialAction\":[{\"@type\":\"ReadAction\",\"target\":[[\"https:\\\/\\\/bookify24.com\\\/es\\\/pauschalreisen\\\/\"]]}]},{\"@type\":\"ImageObject\",\"inLanguage\":\"es\",\"@id\":\"https:\\\/\\\/bookify24.com\\\/es\\\/pauschalreisen\\\/#primaryimage\",\"url\":\"https:\\\/\\\/bookify24.com\\\/wp-content\\\/uploads\\\/2023\\\/06\\\/banner-search-form-min-e1692437266798.png\",\"contentUrl\":\"https:\\\/\\\/bookify24.com\\\/wp-content\\\/uploads\\\/2023\\\/06\\\/banner-search-form-min-e1692437266798.png\",\"width\":1920,\"height\":400,\"caption\":\"Bookify24\"},{\"@type\":\"BreadcrumbList\",\"@id\":\"https:\\\/\\\/bookify24.com\\\/es\\\/pauschalreisen\\\/#breadcrumb\",\"itemListElement\":[{\"@type\":\"ListItem\",\"position\":1,\"name\":\"Home\",\"item\":\"https:\\\/\\\/bookify24.com\\\/es\\\/\"},{\"@type\":\"ListItem\",\"position\":2,\"name\":\"Pauschalreisen\"}]},{\"@type\":\"WebSite\",\"@id\":\"https:\\\/\\\/bookify24.com\\\/es\\\/#website\",\"url\":\"https:\\\/\\\/bookify24.com\\\/es\\\/\",\"name\":\"Bookify24\",\"description\":\"Compara vuelos, hoteles, autos de alquiler y m\u00e1s\",\"publisher\":{\"@id\":\"https:\\\/\\\/bookify24.com\\\/es\\\/#organization\"},\"potentialAction\":[{\"@type\":\"SearchAction\",\"target\":{\"@type\":\"EntryPoint\",\"urlTemplate\":\"https:\\\/\\\/bookify24.com\\\/es\\\/?s={search_term_string}\"},\"query-input\":{\"@type\":\"PropertyValueSpecification\",\"valueRequired\":true,\"valueName\":\"search_term_string\"}}],\"inLanguage\":\"es\"},{\"@type\":\"Organization\",\"@id\":\"https:\\\/\\\/bookify24.com\\\/es\\\/#organization\",\"name\":\"Bookify24\",\"url\":\"https:\\\/\\\/bookify24.com\\\/es\\\/\",\"logo\":{\"@type\":\"ImageObject\",\"inLanguage\":\"es\",\"@id\":\"https:\\\/\\\/bookify24.com\\\/es\\\/#\\\/schema\\\/logo\\\/image\\\/\",\"url\":\"https:\\\/\\\/bookify24.com\\\/wp-content\\\/uploads\\\/2018\\\/10\\\/Bookify_Logo-Kopie-1.png\",\"contentUrl\":\"https:\\\/\\\/bookify24.com\\\/wp-content\\\/uploads\\\/2018\\\/10\\\/Bookify_Logo-Kopie-1.png\",\"width\":168,\"height\":44,\"caption\":\"Bookify24\"},\"image\":{\"@id\":\"https:\\\/\\\/bookify24.com\\\/es\\\/#\\\/schema\\\/logo\\\/image\\\/\"}}]}<\/script>\n<!-- \/ Yoast SEO plugin. -->","yoast_head_json":{"title":"Pauschalreisen vergleichen und g\u00fcnstig Reisen - Bookify24","description":"Vergleiche Pauschalreisen und finde den g\u00fcnstigsten Flug mit Hotel. Last Minute, Fr\u00fchbucher und All Inklusive Reisen zum besten Preis!","robots":{"index":"index","follow":"follow","max-snippet":"max-snippet:-1","max-image-preview":"max-image-preview:large","max-video-preview":"max-video-preview:-1"},"canonical":"https:\/\/bookify24.com\/es\/pauschalreisen\/","og_locale":"es_ES","og_type":"article","og_title":"Pauschalreisen vergleichen und g\u00fcnstig Reisen - Bookify24","og_description":"Vergleiche Pauschalreisen und finde den g\u00fcnstigsten Flug mit Hotel. Last Minute, Fr\u00fchbucher und All Inklusive Reisen zum besten Preis!","og_url":"https:\/\/bookify24.com\/es\/pauschalreisen\/","og_site_name":"Bookify24","article_modified_time":"2023-06-30T12:57:03+00:00","og_image":[{"width":3840,"height":800,"url":"https:\/\/bookify24.com\/wp-content\/uploads\/2023\/06\/banner-search-form-min.png","type":"image\/png"}],"twitter_card":"summary_large_image","twitter_misc":{"Tiempo de lectura":"4 minutos"},"schema":{"@context":"https:\/\/schema.org","@graph":[{"@type":"WebPage","@id":"https:\/\/bookify24.com\/es\/pauschalreisen\/","url":"https:\/\/bookify24.com\/es\/pauschalreisen\/","name":"Pauschalreisen vergleichen und g\u00fcnstig Reisen - Bookify24","isPartOf":{"@id":"https:\/\/bookify24.com\/es\/#website"},"primaryImageOfPage":{"@id":"https:\/\/bookify24.com\/es\/pauschalreisen\/#primaryimage"},"image":{"@id":"https:\/\/bookify24.com\/pauschalreisen\/#primaryimage"},"thumbnailUrl":"https:\/\/bookify24.com\/wp-content\/uploads\/2023\/06\/banner-search-form-min-e1692437266798.png","datePublished":"2018-12-10T17:16:56+00:00","dateModified":"2023-06-30T12:57:03+00:00","description":"Vergleiche Pauschalreisen und finde den g\u00fcnstigsten Flug mit Hotel. Last Minute, Fr\u00fchbucher und All Inklusive Reisen zum besten Preis!","breadcrumb":{"@id":"https:\/\/bookify24.com\/es\/pauschalreisen\/#breadcrumb"},"inLanguage":"es","potentialAction":[{"@type":"ReadAction","target":[["https:\/\/bookify24.com\/es\/pauschalreisen\/"]]}]},{"@type":"ImageObject","inLanguage":"es","@id":"https:\/\/bookify24.com\/es\/pauschalreisen\/#primaryimage","url":"https:\/\/bookify24.com\/wp-content\/uploads\/2023\/06\/banner-search-form-min-e1692437266798.png","contentUrl":"https:\/\/bookify24.com\/wp-content\/uploads\/2023\/06\/banner-search-form-min-e1692437266798.png","width":1920,"height":400,"caption":"Bookify24"},{"@type":"BreadcrumbList","@id":"https:\/\/bookify24.com\/es\/pauschalreisen\/#breadcrumb","itemListElement":[{"@type":"ListItem","position":1,"name":"Home","item":"https:\/\/bookify24.com\/es\/"},{"@type":"ListItem","position":2,"name":"Pauschalreisen"}]},{"@type":"WebSite","@id":"https:\/\/bookify24.com\/es\/#website","url":"https:\/\/bookify24.com\/es\/","name":"Bookify24","description":"Compara vuelos, hoteles, autos de alquiler y m\u00e1s","publisher":{"@id":"https:\/\/bookify24.com\/es\/#organization"},"potentialAction":[{"@type":"SearchAction","target":{"@type":"EntryPoint","urlTemplate":"https:\/\/bookify24.com\/es\/?s={search_term_string}"},"query-input":{"@type":"PropertyValueSpecification","valueRequired":true,"valueName":"search_term_string"}}],"inLanguage":"es"},{"@type":"Organization","@id":"https:\/\/bookify24.com\/es\/#organization","name":"Bookify24","url":"https:\/\/bookify24.com\/es\/","logo":{"@type":"ImageObject","inLanguage":"es","@id":"https:\/\/bookify24.com\/es\/#\/schema\/logo\/image\/","url":"https:\/\/bookify24.com\/wp-content\/uploads\/2018\/10\/Bookify_Logo-Kopie-1.png","contentUrl":"https:\/\/bookify24.com\/wp-content\/uploads\/2018\/10\/Bookify_Logo-Kopie-1.png","width":168,"height":44,"caption":"Bookify24"},"image":{"@id":"https:\/\/bookify24.com\/es\/#\/schema\/logo\/image\/"}}]}},"_links":{"self":[{"href":"https:\/\/bookify24.com\/es\/wp-json\/wp\/v2\/pages\/8253","targetHints":{"allow":["GET"]}}],"collection":[{"href":"https:\/\/bookify24.com\/es\/wp-json\/wp\/v2\/pages"}],"about":[{"href":"https:\/\/bookify24.com\/es\/wp-json\/wp\/v2\/types\/page"}],"author":[{"embeddable":true,"href":"https:\/\/bookify24.com\/es\/wp-json\/wp\/v2\/users\/1"}],"replies":[{"embeddable":true,"href":"https:\/\/bookify24.com\/es\/wp-json\/wp\/v2\/comments?post=8253"}],"version-history":[{"count":0,"href":"https:\/\/bookify24.com\/es\/wp-json\/wp\/v2\/pages\/8253\/revisions"}],"wp:featuredmedia":[{"embeddable":true,"href":"https:\/\/bookify24.com\/es\/wp-json\/wp\/v2\/media\/21266"}],"wp:attachment":[{"href":"https:\/\/bookify24.com\/es\/wp-json\/wp\/v2\/media?parent=8253"}],"curies":[{"name":"wp","href":"https:\/\/api.w.org\/{rel}","templated":true}]}}